{"id":46,"date":"2025-02-16T22:15:36","date_gmt":"2025-02-16T21:15:36","guid":{"rendered":"https:\/\/www.chuchi-saeuliamt.ch\/?page_id=46"},"modified":"2025-02-17T20:09:09","modified_gmt":"2025-02-17T19:09:09","slug":"home","status":"publish","type":"page","link":"https:\/\/www.chuchi-saeuliamt.ch\/","title":{"rendered":"Home"},"content":{"rendered":"\r\n<p><strong>Willkommen auf unserer Web-Site<\/strong><\/p>\r\n\r\n\r\n\r\n<p><strong>Wer sind wir?<\/strong><\/p>\r\n\r\n\r\n\r\n<p>Die Chuchi S\u00e4uliamt wurde im 2xxx gegr\u00fcndet und z\u00e4hlt heute 9 Mitglieder. Eines unserer gemeinsamen Hobbies ist Kochen, darum nennen wir uns auch gerne Hobbyk\u00f6che. Diese Freude am Kochen und am geselligen Beisammensein zelebrieren wir einmal im Monat in ungezwungener Atmosph\u00e4re in der Show-K\u00fcche von Arthur Girarde AG in Hedingen.<\/p>\r\n\r\n\r\n\r\n<p><strong>Ablauf einer \u00abChochete\u00bb<\/strong><\/p>\r\n\r\n\r\n\r\n<p>An der GV werden die neuen Kochdaten und die daf\u00fcr verantwortlichen \u00abChef de Soir\u00e9e\u00bb bestimmt. Der Chef de Soir\u00e9e w\u00e4hlt ein Men\u00fc aus und im Idealfall testet er es zu Hause aus. Er t\u00e4tigt alle notwendigen Eink\u00e4ufe inklusive Getr\u00e4nke. Die Chochete bestehen aus Apero, Vorspeise, Hauptgang und Dessert.<\/p>\r\n\r\n\r\n\r\n<p>Der Chef de Soir\u00e9e \u00fcberwacht die verschiedenen Arbeitsabl\u00e4ufe und gibt Tips aufgrund seiner Erfahrungen.<\/p>\r\n\r\n\r\n\r\n<p><strong>Sonstige Aktivit\u00e4ten<\/strong><\/p>\r\n\r\n\r\n\r\n<p>Ausser unserer monatlichen &#171;Chochete&#187; kochen wir ehrenamtlich jeweils am 1. Advent beim Sternezauber Hedingen, welcher vom Frauenverein Hedingen organisiert wird. Der gesamte Erl\u00f6s wird einer gemeinn\u00fctzigen Organisation gespendet.<\/p>\r\n\r\n\r\n\r\n<p>Einmal im Jahr organisieren wir traditionell eine \u00abChochete mit Partnerinnen\u00bb. J\u00e4hrlich f\u00fchren wir eine 2-3 t\u00e4gige Klub-Reise durch mit dem Ziel, uns kulturell, kulinarisch und weintechnisch weiter zu entwickeln.<\/p>\r\n","protected":false},"excerpt":{"rendered":"<p>Willkommen auf unserer Web-Site Wer sind wir? Die Chuchi S\u00e4uliamt wurde im 2xxx gegr\u00fcndet und z\u00e4hlt heute 9 Mitglieder. Eines unserer gemeinsamen Hobbies ist Kochen, darum nennen wir uns auch gerne Hobbyk\u00f6che. Diese Freude am Kochen und am geselligen Beisammensein &hellip; <a href=\"https:\/\/www.chuchi-saeuliamt.ch\/\">Weiterlesen <span class=\"meta-nav\">&rarr;<\/span><\/a><\/p>\n","protected":false},"author":2,"featured_media":0,"parent":0,"menu_order":0,"comment_status":"closed","ping_status":"closed","template":"","meta":{"footnotes":""},"class_list":["post-46","page","type-page","status-publish","hentry"],"_links":{"self":[{"href":"https:\/\/www.chuchi-saeuliamt.ch\/index.php\/wp-json\/wp\/v2\/pages\/46","targetHints":{"allow":["GET"]}}],"collection":[{"href":"https:\/\/www.chuchi-saeuliamt.ch\/index.php\/wp-json\/wp\/v2\/pages"}],"about":[{"href":"https:\/\/www.chuchi-saeuliamt.ch\/index.php\/wp-json\/wp\/v2\/types\/page"}],"author":[{"embeddable":true,"href":"https:\/\/www.chuchi-saeuliamt.ch\/index.php\/wp-json\/wp\/v2\/users\/2"}],"replies":[{"embeddable":true,"href":"https:\/\/www.chuchi-saeuliamt.ch\/index.php\/wp-json\/wp\/v2\/comments?post=46"}],"version-history":[{"count":1,"href":"https:\/\/www.chuchi-saeuliamt.ch\/index.php\/wp-json\/wp\/v2\/pages\/46\/revisions"}],"predecessor-version":[{"id":56,"href":"https:\/\/www.chuchi-saeuliamt.ch\/index.php\/wp-json\/wp\/v2\/pages\/46\/revisions\/56"}],"wp:attachment":[{"href":"https:\/\/www.chuchi-saeuliamt.ch\/index.php\/wp-json\/wp\/v2\/media?parent=46"}],"curies":[{"name":"wp","href":"https:\/\/api.w.org\/{rel}","templated":true}]}}