{"id":90,"date":"2025-02-17T21:38:30","date_gmt":"2025-02-17T20:38:30","guid":{"rendered":"https:\/\/www.chuchi-saeuliamt.ch\/?page_id=90"},"modified":"2025-02-17T21:39:31","modified_gmt":"2025-02-17T20:39:31","slug":"aktivitaeten","status":"publish","type":"page","link":"https:\/\/www.chuchi-saeuliamt.ch\/index.php\/aktivitaeten\/","title":{"rendered":"Aktivit\u00e4ten"},"content":{"rendered":"<p>Hier f\u00fchren wir unsere Aktivit\u00e4ten und Klub-Reisen auf<\/p>\n","protected":false},"excerpt":{"rendered":"<p>Hier f\u00fchren wir unsere Aktivit\u00e4ten und Klub-Reisen auf<\/p>\n","protected":false},"author":2,"featured_media":0,"parent":0,"menu_order":0,"comment_status":"closed","ping_status":"closed","template":"","meta":{"footnotes":""},"class_list":["post-90","page","type-page","status-publish","hentry"],"_links":{"self":[{"href":"https:\/\/www.chuchi-saeuliamt.ch\/index.php\/wp-json\/wp\/v2\/pages\/90","targetHints":{"allow":["GET"]}}],"collection":[{"href":"https:\/\/www.chuchi-saeuliamt.ch\/index.php\/wp-json\/wp\/v2\/pages"}],"about":[{"href":"https:\/\/www.chuchi-saeuliamt.ch\/index.php\/wp-json\/wp\/v2\/types\/page"}],"author":[{"embeddable":true,"href":"https:\/\/www.chuchi-saeuliamt.ch\/index.php\/wp-json\/wp\/v2\/users\/2"}],"replies":[{"embeddable":true,"href":"https:\/\/www.chuchi-saeuliamt.ch\/index.php\/wp-json\/wp\/v2\/comments?post=90"}],"version-history":[{"count":1,"href":"https:\/\/www.chuchi-saeuliamt.ch\/index.php\/wp-json\/wp\/v2\/pages\/90\/revisions"}],"predecessor-version":[{"id":91,"href":"https:\/\/www.chuchi-saeuliamt.ch\/index.php\/wp-json\/wp\/v2\/pages\/90\/revisions\/91"}],"wp:attachment":[{"href":"https:\/\/www.chuchi-saeuliamt.ch\/index.php\/wp-json\/wp\/v2\/media?parent=90"}],"curies":[{"name":"wp","href":"https:\/\/api.w.org\/{rel}","templated":true}]}}